{"id":11,"date":"2014-03-12T19:00:12","date_gmt":"2014-03-12T18:00:12","guid":{"rendered":"http:\/\/hytech.fr\/?page_id=11"},"modified":"2020-11-27T15:41:04","modified_gmt":"2020-11-27T14:41:04","slug":"presentation","status":"publish","type":"page","link":"https:\/\/jl-informatique.fr\/leblog\/presentation\/","title":{"rendered":"Pr\u00e9sentation"},"content":{"rendered":"\t\t<div data-elementor-type=\"wp-page\" data-elementor-id=\"11\" class=\"elementor elementor-11\">\n\t\t\t\t\t\t<div class=\"elementor-inner\">\n\t\t\t\t<div class=\"elementor-section-wrap\">\n\t\t\t\t\t\t\t\t\t<section class=\"elementor-section elementor-top-section elementor-element elementor-element-a001b56 elementor-section-boxed elementor-section-height-default elementor-section-height-default\" data-id=\"a001b56\" data-element_type=\"section\">\n\t\t\t\t\t\t<div class=\"elementor-container elementor-column-gap-default\">\n\t\t\t\t\t\t\t<div class=\"elementor-row\">\n\t\t\t\t\t<div class=\"elementor-column elementor-col-100 elementor-top-column elementor-element elementor-element-b321a69\" data-id=\"b321a69\" data-element_type=\"column\">\n\t\t\t<div class=\"elementor-column-wrap elementor-element-populated\">\n\t\t\t\t\t\t\t<div class=\"elementor-widget-wrap\">\n\t\t\t\t\t\t<div class=\"elementor-element elementor-element-f48199c elementor-widget elementor-widget-text-editor\" data-id=\"f48199c\" data-element_type=\"widget\" data-widget_type=\"text-editor.default\">\n\t\t\t\t<div class=\"elementor-widget-container\">\n\t\t\t\t\t\t\t\t<div class=\"elementor-text-editor elementor-clearfix\">\n\t\t\t\t<p>Bonjour, je suis le blog de l&#8217;entreprise angevine <a title=\"JL informatique\" href=\"https:\/\/jl-informatique.fr\" target=\"_blank\" rel=\"noopener noreferrer\">JL informatique<\/a>\u00a0(dans le Maine et Loire). J&#8217;ai pour objectif de vous simplifier la high-tech !<\/p><p>\u00c0 travers des trucs et astuces, petits conseils, tutoriaux, actualit\u00e9s ou autres, je vais vous informer sur la high-tech et vous simplifier le quotidien.<\/p><p>La high-tech peut-\u00eatre compliqu\u00e9e, tout d\u00e9pend comment on l&#8217;aborde !<\/p><h4>Et sinon c&#8217;est qui vraiment ?<\/h4><p>Derri\u00e8re l&#8217;entreprise JL informatique se trouve une seule personne, moi Julien L\u00c9ONARD, v\u00e9ritable passionn\u00e9 d&#8217;informatique depuis plus de 20 ans, et passionn\u00e9 de high-tech depuis toujours.<\/p><p>Tout a v\u00e9ritablement commenc\u00e9 avec un premier pc \u00e0 la maison. Windows 95, Pentium MMX \u00e0\u00a0166 MHz, disque dur de 3 gigas.\u00a0Une vraie machine de course. Les premiers logiciels install\u00e9s depuis des disquettes ou des cd. La d\u00e9couverte de ce riche univers (pourtant sans internet \u00e0 l&#8217;\u00e9poque).<\/p><p>Et un beau jour, comme \u00e7a, sans pr\u00e9venir, Windows ne fonctionne plus. Mais alors plus du tout ! C&#8217;\u00e9tait parti pour la toute premi\u00e8re r\u00e9installation compl\u00e8te ! Oui mais voil\u00e0, \u00e0 l&#8217;\u00e9poque c&#8217;\u00e9tait nettement moins simple. Merci \u00e0 mon beau-fr\u00e8re pour ces quelques lignes de code donn\u00e9es par t\u00e9l\u00e9phone et ces quelques disquettes magiques laiss\u00e9es avec l&#8217;ordinateur ! H\u00e9 oui, \u00e0 l&#8217;\u00e9poque de Windows 95, les cd ne pouvaient pas lancer seuls l&#8217;installation. Un &#8220;FORMAT C:&#8221; plus tard, quelques t\u00e2tonnements pour trouver la lettre du lecteur de cd et enfin pouvoir lancer la r\u00e9installation et c&#8217;\u00e9tait parti.<\/p><p>Premi\u00e8re connexion \u00e0 internet en f\u00e9vrier 1997 avec Wanadoo, un modem 56k (du 0,05 m\u00e9ga quoi), et 20h de surf par mois. Oui \u00e7a para\u00eet tellement impensable comme abonnement aujourd&#8217;hui !<\/p><p>Depuis mes d\u00e9buts j&#8217;ai utilis\u00e9 \u00e0 peu pr\u00e8s toutes les versions de Windows (3.1, 95, 98, 2000, Mill\u00e9nium, NT, XP, Vista, 7, 8, 8.1 et 10) \u00e0 l&#8217;exception de quelques d\u00e9riv\u00e9s propres au monde de l&#8217;entreprise (les versions Server). Mais \u00e7a ne m&#8217;a pas suffi. Linux ? Allons-y ! Knoppix, Kaella, Mandriva, Ubuntu et Linux Mint principalement. J&#8217;ai utilis\u00e9 Linux par curiosit\u00e9, par n\u00e9cessit\u00e9 quelques fois et aussi pour voir ce qu&#8217;il se passait ailleurs que dans le monde Windows et dans le monde du logiciel libre qui plus est. macOS est \u00e9galement au programme, depuis plus de 15 ans maintenant. J&#8217;ai commenc\u00e9 par Mac OS X 10.3 sur Power Mac G5 \u00e0 base de PowerPC, un peu avant l&#8217;arriv\u00e9e d&#8217;Intel dans les Mac. Et j&#8217;utilise maintenant r\u00e9guli\u00e8rement macOS dans ses derni\u00e8res versions.<\/p><p>Sorti de l&#8217;informatique pure et dure je suis \u00e9galement passionn\u00e9 par les smartphones, tablettes et d\u00e9riv\u00e9s, ce qui reste assez proche, les syst\u00e8mes d&#8217;exploitation principaux de ces appareils \u00e9tant (en gros) des d\u00e9riv\u00e9s de Linux, macOS et Windows.<\/p><p>Je pratique les jeux vid\u00e9os depuis&#8230; \u00e0 peu pr\u00e8s toujours en fait. D&#8217;abord sur Atari 520 STE puis sur consoles, en commen\u00e7ant par la NES de Nintendo. Et globalement, tout ce qui touche (ou touchera) de pr\u00e8s ou de loin \u00e0 la high-tech me passionne.<\/p><p>J&#8217;adore l&#8217;infographie, le webdesign, la vid\u00e9o, la photo. Ce sont des activit\u00e9s que je pratique de mani\u00e8res personnelle et professionnelle depuis une quinzaine d&#8217;ann\u00e9es.<\/p><p>Je consulte quotidiennement 5 sites principaux (informatique, high-tech et jeux vid\u00e9o) pour me tenir inform\u00e9 de tous ces petits mondes en perp\u00e9tuelle \u00e9volution. Cela me permet d&#8217;\u00eatre au courant de toutes les nouveaut\u00e9s (principales) et \u00e9galement de toutes les tendances \u00e0 venir d&#8217;ici quelques mois ou quelques ann\u00e9es.<\/p><p>L&#8217;id\u00e9e de ce blog me trottait dans la t\u00eate depuis quelques temps. J&#8217;avais envie de partager avec le plus grand nombre mes retours d&#8217;exp\u00e9riences professionnelles et personnelles, tout en faisant autre chose que les sites existants. Je vais juste essayer d&#8217;\u00eatre moins th\u00e9orique que les autres sites, plus concret, plus pratique m\u00eame afin de vous apporter des solutions simples \u00e0 vos probl\u00e8mes de tous les jours.<\/p><p>Le blog de <a href=\"https:\/\/jl-informatique.fr\/\" target=\"_blank\" rel=\"noopener noreferrer\">JL informatique<\/a> est donc maintenant l\u00e0 et j&#8217;esp\u00e8re qu&#8217;il vous plaira !<\/p>\t\t\t\t\t<\/div>\n\t\t\t\t\t\t<\/div>\n\t\t\t\t<\/div>\n\t\t\t\t\t\t<\/div>\n\t\t\t\t\t<\/div>\n\t\t<\/div>\n\t\t\t\t\t\t\t\t<\/div>\n\t\t\t\t\t<\/div>\n\t\t<\/section>\n\t\t\t\t\t\t\t\t\t<\/div>\n\t\t\t<\/div>\n\t\t\t\t\t<\/div>\n\t\t","protected":false},"excerpt":{"rendered":"<p>Bonjour, je suis le blog de l&#8217;entreprise angevine JL informatique\u00a0(dans le Maine et Loire). J&#8217;ai pour objectif de vous simplifier la high-tech ! \u00c0 travers des trucs et astuces, petits conseils, tutoriaux, actualit\u00e9s ou autres, je vais vous informer sur la high-tech et vous simplifier le quotidien. La high-tech peut-\u00eatre compliqu\u00e9e, tout d\u00e9pend comment on &#8230; <a title=\"Pr\u00e9sentation\" class=\"read-more\" href=\"https:\/\/jl-informatique.fr\/leblog\/presentation\/\" aria-label=\"En savoir plus sur Pr\u00e9sentation\">Lire la suite<\/a><\/p>\n","protected":false},"author":2,"featured_media":0,"parent":0,"menu_order":0,"comment_status":"closed","ping_status":"closed","template":"","meta":{"_seopress_robots_primary_cat":""},"_links":{"self":[{"href":"https:\/\/jl-informatique.fr\/leblog\/wp-json\/wp\/v2\/pages\/11"}],"collection":[{"href":"https:\/\/jl-informatique.fr\/leblog\/wp-json\/wp\/v2\/pages"}],"about":[{"href":"https:\/\/jl-informatique.fr\/leblog\/wp-json\/wp\/v2\/types\/page"}],"author":[{"embeddable":true,"href":"https:\/\/jl-informatique.fr\/leblog\/wp-json\/wp\/v2\/users\/2"}],"replies":[{"embeddable":true,"href":"https:\/\/jl-informatique.fr\/leblog\/wp-json\/wp\/v2\/comments?post=11"}],"version-history":[{"count":11,"href":"https:\/\/jl-informatique.fr\/leblog\/wp-json\/wp\/v2\/pages\/11\/revisions"}],"predecessor-version":[{"id":889,"href":"https:\/\/jl-informatique.fr\/leblog\/wp-json\/wp\/v2\/pages\/11\/revisions\/889"}],"wp:attachment":[{"href":"https:\/\/jl-informatique.fr\/leblog\/wp-json\/wp\/v2\/media?parent=11"}],"curies":[{"name":"wp","href":"https:\/\/api.w.org\/{rel}","templated":true}]}}