{"id":79,"date":"2014-03-19T10:11:37","date_gmt":"2014-03-19T09:11:37","guid":{"rendered":"http:\/\/hytech.fr\/?page_id=79"},"modified":"2026-03-24T15:29:09","modified_gmt":"2026-03-24T14:29:09","slug":"informations-legales","status":"publish","type":"page","link":"https:\/\/jl-informatique.fr\/leblog\/informations-legales\/","title":{"rendered":"Informations l\u00e9gales"},"content":{"rendered":"\t\t<div data-elementor-type=\"wp-page\" data-elementor-id=\"79\" class=\"elementor elementor-79\">\n\t\t\t\t\t\t<div class=\"elementor-inner\">\n\t\t\t\t<div class=\"elementor-section-wrap\">\n\t\t\t\t\t\t\t\t\t<section class=\"elementor-section elementor-top-section elementor-element elementor-element-c10ca60 elementor-section-boxed elementor-section-height-default elementor-section-height-default\" data-id=\"c10ca60\" data-element_type=\"section\">\n\t\t\t\t\t\t<div class=\"elementor-container elementor-column-gap-default\">\n\t\t\t\t\t\t\t<div class=\"elementor-row\">\n\t\t\t\t\t<div class=\"elementor-column elementor-col-100 elementor-top-column elementor-element elementor-element-c6b4e84\" data-id=\"c6b4e84\" data-element_type=\"column\">\n\t\t\t<div class=\"elementor-column-wrap elementor-element-populated\">\n\t\t\t\t\t\t\t<div class=\"elementor-widget-wrap\">\n\t\t\t\t\t\t<div class=\"elementor-element elementor-element-764c28e elementor-widget elementor-widget-text-editor\" data-id=\"764c28e\" data-element_type=\"widget\" data-widget_type=\"text-editor.default\">\n\t\t\t\t<div class=\"elementor-widget-container\">\n\t\t\t\t\t\t\t\t<div class=\"elementor-text-editor elementor-clearfix\">\n\t\t\t\t<p><strong>JL informatique \/ Julien L\u00c9ONARD<\/strong><\/p><p>2 impasse de la Tourterelle<br \/>49460 CANTENAY-\u00c9PINARD<\/p><p>T\u00e9l\u00e9phone : <a href=\"tel:0681008048\">06 81 00 80 48<\/a><br \/>E-mail : <a href=\"mailto:contact@jl-informatique.fr\">contact@jl-informatique.fr<\/a><br \/>Site internet :\u00a0<a href=\"http:\/\/jl-informatique.fr\" target=\"_blank\" rel=\"noopener noreferrer\">www.jl-informatique.fr<br \/><\/a><\/p><p>Auto-entrepreneur<br \/>SIREN : 527 862 551<br \/>APE : 8559B<a href=\"http:\/\/jl-informatique.fr\" target=\"_blank\" rel=\"noopener noreferrer\"><br \/><\/a><\/p><p><strong>H\u00e9bergement du site Internet :<\/strong><\/p><p>IONOS 1&amp;1 Internet SARL<br \/>7 place de la Gare<br \/>BP 70109<br \/>57201 SARREGUEMINES Cedex<\/p>\t\t\t\t\t<\/div>\n\t\t\t\t\t\t<\/div>\n\t\t\t\t<\/div>\n\t\t\t\t\t\t<\/div>\n\t\t\t\t\t<\/div>\n\t\t<\/div>\n\t\t\t\t\t\t\t\t<\/div>\n\t\t\t\t\t<\/div>\n\t\t<\/section>\n\t\t\t\t\t\t\t\t\t<\/div>\n\t\t\t<\/div>\n\t\t\t\t\t<\/div>\n\t\t","protected":false},"excerpt":{"rendered":"<p>JL informatique \/ Julien L\u00c9ONARD 2 impasse de la Tourterelle49460 CANTENAY-\u00c9PINARD T\u00e9l\u00e9phone : 06 81 00 80 48E-mail : contact@jl-informatique.frSite internet :\u00a0www.jl-informatique.fr Auto-entrepreneurSIREN : 527 862 551APE : 8559B H\u00e9bergement du site Internet : IONOS 1&amp;1 Internet SARL7 place de la GareBP 7010957201 SARREGUEMINES Cedex<\/p>\n","protected":false},"author":2,"featured_media":0,"parent":0,"menu_order":0,"comment_status":"closed","ping_status":"closed","template":"","meta":{"_seopress_robots_primary_cat":""},"_links":{"self":[{"href":"https:\/\/jl-informatique.fr\/leblog\/wp-json\/wp\/v2\/pages\/79"}],"collection":[{"href":"https:\/\/jl-informatique.fr\/leblog\/wp-json\/wp\/v2\/pages"}],"about":[{"href":"https:\/\/jl-informatique.fr\/leblog\/wp-json\/wp\/v2\/types\/page"}],"author":[{"embeddable":true,"href":"https:\/\/jl-informatique.fr\/leblog\/wp-json\/wp\/v2\/users\/2"}],"replies":[{"embeddable":true,"href":"https:\/\/jl-informatique.fr\/leblog\/wp-json\/wp\/v2\/comments?post=79"}],"version-history":[{"count":7,"href":"https:\/\/jl-informatique.fr\/leblog\/wp-json\/wp\/v2\/pages\/79\/revisions"}],"predecessor-version":[{"id":963,"href":"https:\/\/jl-informatique.fr\/leblog\/wp-json\/wp\/v2\/pages\/79\/revisions\/963"}],"wp:attachment":[{"href":"https:\/\/jl-informatique.fr\/leblog\/wp-json\/wp\/v2\/media?parent=79"}],"curies":[{"name":"wp","href":"https:\/\/api.w.org\/{rel}","templated":true}]}}