{"id":114,"date":"2018-11-30T22:45:24","date_gmt":"2018-11-30T21:45:24","guid":{"rendered":"https:\/\/jl-informatique.fr\/pro\/?page_id=114"},"modified":"2020-01-21T22:39:54","modified_gmt":"2020-01-21T21:39:54","slug":"marketing","status":"publish","type":"page","link":"https:\/\/jl-informatique.fr\/pros\/marketing\/","title":{"rendered":"Marketing"},"content":{"rendered":"\t\t<div data-elementor-type=\"wp-page\" data-elementor-id=\"114\" class=\"elementor elementor-114\">\n\t\t\t\t\t\t<section class=\"elementor-section elementor-top-section elementor-element elementor-element-7bc066f elementor-section-boxed elementor-section-height-default elementor-section-height-default\" data-id=\"7bc066f\" data-element_type=\"section\">\n\t\t\t\t\t\t<div class=\"elementor-container elementor-column-gap-default\">\n\t\t\t\t\t<div class=\"elementor-column elementor-col-100 elementor-top-column elementor-element elementor-element-15c6152\" data-id=\"15c6152\" data-element_type=\"column\">\n\t\t\t<div class=\"elementor-widget-wrap elementor-element-populated\">\n\t\t\t\t\t\t<div class=\"elementor-element elementor-element-1d3336e elementor-widget elementor-widget-text-editor\" data-id=\"1d3336e\" data-element_type=\"widget\" data-widget_type=\"text-editor.default\">\n\t\t\t\t<div class=\"elementor-widget-container\">\n\t\t\t\t\t\t\t<p>Campagne publicitaire Adwords, Adsense, r\u00e9f\u00e9rencement, SEO, optimisation de contenu&#8230;<\/p>\t\t\t\t\t\t<\/div>\n\t\t\t\t<\/div>\n\t\t\t\t\t<\/div>\n\t\t<\/div>\n\t\t\t\t\t<\/div>\n\t\t<\/section>\n\t\t\t\t<section class=\"elementor-section elementor-top-section elementor-element elementor-element-0fada29 elementor-section-boxed elementor-section-height-default elementor-section-height-default\" data-id=\"0fada29\" data-element_type=\"section\">\n\t\t\t\t\t\t<div class=\"elementor-container elementor-column-gap-default\">\n\t\t\t\t\t<div class=\"elementor-column elementor-col-100 elementor-top-column elementor-element elementor-element-680bfa7\" data-id=\"680bfa7\" data-element_type=\"column\">\n\t\t\t<div class=\"elementor-widget-wrap elementor-element-populated\">\n\t\t\t\t\t\t<div class=\"elementor-element elementor-element-ddeb197 elementor-widget elementor-widget-text-editor\" data-id=\"ddeb197\" data-element_type=\"widget\" data-widget_type=\"text-editor.default\">\n\t\t\t\t<div class=\"elementor-widget-container\">\n\t\t\t\t\t\t\t<p>\u00catre pr\u00e9sent sur internet est essentiel. Mais ce n&rsquo;est qu&rsquo;une premi\u00e8re \u00e9tape. Il faut maintenant mettre en oeuvre tous les moyens pour \u00eatre visible \u00e0 court, moyen et long terme.<\/p>\t\t\t\t\t\t<\/div>\n\t\t\t\t<\/div>\n\t\t\t\t\t<\/div>\n\t\t<\/div>\n\t\t\t\t\t<\/div>\n\t\t<\/section>\n\t\t\t\t<section class=\"elementor-section elementor-top-section elementor-element elementor-element-a9b57d9 elementor-section-boxed elementor-section-height-default elementor-section-height-default\" data-id=\"a9b57d9\" data-element_type=\"section\">\n\t\t\t\t\t\t<div class=\"elementor-container elementor-column-gap-default\">\n\t\t\t\t\t<div class=\"elementor-column elementor-col-100 elementor-top-column elementor-element elementor-element-e25903e\" data-id=\"e25903e\" data-element_type=\"column\">\n\t\t\t<div class=\"elementor-widget-wrap elementor-element-populated\">\n\t\t\t\t\t\t<div class=\"elementor-element elementor-element-cce4f70 elementor-widget elementor-widget-text-editor\" data-id=\"cce4f70\" data-element_type=\"widget\" data-widget_type=\"text-editor.default\">\n\t\t\t\t<div class=\"elementor-widget-container\">\n\t\t\t\t\t\t\t<p>Vous avez cr\u00e9\u00e9 vous-m\u00eame votre site mais n&rsquo;avez pas de connaissances techniques pouss\u00e9es dans le domaine ? Alors des \u00e9l\u00e9ments de votre site peuvent \u00eatre optimis\u00e9s afin d&rsquo;augmenter votre r\u00e9f\u00e9rencement et ainsi attirer plus de visiteurs sur votre site internet.<\/p>\t\t\t\t\t\t<\/div>\n\t\t\t\t<\/div>\n\t\t\t\t\t<\/div>\n\t\t<\/div>\n\t\t\t\t\t<\/div>\n\t\t<\/section>\n\t\t\t\t<section class=\"elementor-section elementor-top-section elementor-element elementor-element-141df5e elementor-section-boxed elementor-section-height-default elementor-section-height-default\" data-id=\"141df5e\" data-element_type=\"section\" data-settings=\"{&quot;background_background&quot;:&quot;classic&quot;}\">\n\t\t\t\t\t\t<div class=\"elementor-container elementor-column-gap-default\">\n\t\t\t\t\t<div class=\"elementor-column elementor-col-100 elementor-top-column elementor-element elementor-element-05a5c0c\" data-id=\"05a5c0c\" data-element_type=\"column\">\n\t\t\t<div class=\"elementor-widget-wrap elementor-element-populated\">\n\t\t\t\t\t\t<section class=\"elementor-section elementor-inner-section elementor-element elementor-element-72a998c elementor-section-boxed elementor-section-height-default elementor-section-height-default\" data-id=\"72a998c\" data-element_type=\"section\">\n\t\t\t\t\t\t<div class=\"elementor-container elementor-column-gap-default\">\n\t\t\t\t\t<div class=\"elementor-column elementor-col-50 elementor-inner-column elementor-element elementor-element-063696e elementor-invisible\" data-id=\"063696e\" data-element_type=\"column\" data-settings=\"{&quot;animation&quot;:&quot;fadeIn&quot;}\">\n\t\t\t<div class=\"elementor-widget-wrap elementor-element-populated\">\n\t\t\t\t\t\t<div class=\"elementor-element elementor-element-75ad48a elementor-view-default elementor-invisible elementor-widget elementor-widget-icon\" data-id=\"75ad48a\" data-element_type=\"widget\" data-settings=\"{&quot;_animation&quot;:&quot;fadeIn&quot;}\" data-widget_type=\"icon.default\">\n\t\t\t\t<div class=\"elementor-widget-container\">\n\t\t\t\t\t<div class=\"elementor-icon-wrapper\">\n\t\t\t<div class=\"elementor-icon\">\n\t\t\t<i aria-hidden=\"true\" class=\"fas fa-code\"><\/i>\t\t\t<\/div>\n\t\t<\/div>\n\t\t\t\t<\/div>\n\t\t\t\t<\/div>\n\t\t\t\t\t<\/div>\n\t\t<\/div>\n\t\t\t\t<div class=\"elementor-column elementor-col-50 elementor-inner-column elementor-element elementor-element-41b2400\" data-id=\"41b2400\" data-element_type=\"column\">\n\t\t\t<div class=\"elementor-widget-wrap elementor-element-populated\">\n\t\t\t\t\t\t<div class=\"elementor-element elementor-element-e94af7d elementor-invisible elementor-widget elementor-widget-heading\" data-id=\"e94af7d\" data-element_type=\"widget\" data-settings=\"{&quot;_animation&quot;:&quot;fadeInUp&quot;}\" data-widget_type=\"heading.default\">\n\t\t\t\t<div class=\"elementor-widget-container\">\n\t\t\t<h2 class=\"elementor-heading-title elementor-size-default\">Vous avez besoin d'aide pour votre r\u00e9f\u00e9rencement \/ SEO ?<\/h2>\t\t<\/div>\n\t\t\t\t<\/div>\n\t\t\t\t\t<\/div>\n\t\t<\/div>\n\t\t\t\t\t<\/div>\n\t\t<\/section>\n\t\t\t\t<div class=\"elementor-element elementor-element-7ff499a elementor-invisible elementor-widget elementor-widget-toggle\" data-id=\"7ff499a\" data-element_type=\"widget\" data-settings=\"{&quot;_animation&quot;:&quot;fadeIn&quot;}\" data-widget_type=\"toggle.default\">\n\t\t\t\t<div class=\"elementor-widget-container\">\n\t\t\t\t\t<div class=\"elementor-toggle\">\n\t\t\t\t\t\t\t<div class=\"elementor-toggle-item\">\n\t\t\t\t\t<div id=\"elementor-tab-title-1341\" class=\"elementor-tab-title\" data-tab=\"1\" role=\"button\" aria-controls=\"elementor-tab-content-1341\" aria-expanded=\"false\">\n\t\t\t\t\t\t\t\t\t\t\t\t<span class=\"elementor-toggle-icon elementor-toggle-icon-left\" aria-hidden=\"true\">\n\t\t\t\t\t\t\t\t\t\t\t\t\t\t\t<span class=\"elementor-toggle-icon-closed\"><i class=\"fas fa-caret-right\"><\/i><\/span>\n\t\t\t\t\t\t\t\t<span class=\"elementor-toggle-icon-opened\"><i class=\"elementor-toggle-icon-opened fas fa-caret-up\"><\/i><\/span>\n\t\t\t\t\t\t\t\t\t\t\t\t\t<\/span>\n\t\t\t\t\t\t\t\t\t\t\t\t<a class=\"elementor-toggle-title\" tabindex=\"0\">Cliquez ici pour en savoir plus<\/a>\n\t\t\t\t\t<\/div>\n\n\t\t\t\t\t<div id=\"elementor-tab-content-1341\" class=\"elementor-tab-content elementor-clearfix\" data-tab=\"1\" role=\"region\" aria-labelledby=\"elementor-tab-title-1341\"><p>Vous avez un site internet mais vous n&rsquo;avez pas fait de r\u00e9f\u00e9rencement ?<\/p><p>Les moteurs de recherches ont besoin que vous mettiez en place de multiples \u00e9l\u00e9ments pour comprendre votre site internet, son contenu et ce que vous avez voulu faire avec votre site.<\/p><p>C&rsquo;est ce que l&rsquo;on appelle le SEO pour Search Engine Optimisation (ou optimisation pour les moteurs de recherches en fran\u00e7ais). Cette appellation regroupe tous les moyens \u00e0 mettre en oeuvre pour que votre site ait tous les atouts pour \u00eatre optimis\u00e9 pour les moteurs de recherche.<\/p><p>Il est essentiel d&rsquo;utiliser le r\u00e9f\u00e9rencement ou SEO pour \u00eatre pr\u00e9sent sur internet \u00e0 moyen et long terme. Les \u00e9l\u00e9ments que vous choisissez de mettre en avant refl\u00e8tent qui vous \u00eates et ce \u00e0 quoi sert votre site.<\/p><p>En tant qu&rsquo;expert Google dipl\u00f4m\u00e9 nous saurons vous aider \u00e0 \u00eatre pr\u00e9sent sur internet et dans les r\u00e9sultats des moteurs de recherche.<\/p><p><a href=\"https:\/\/jl-informatique.fr\/pros\/contact\/\" data-rich-text-format-boundary=\"true\">Commen\u00e7ons votre R\u00e9f\u00e9rencement<\/a> !<\/p><\/div>\n\t\t\t\t<\/div>\n\t\t\t\t\t\t\t\t<\/div>\n\t\t\t\t<\/div>\n\t\t\t\t<\/div>\n\t\t\t\t\t<\/div>\n\t\t<\/div>\n\t\t\t\t\t<\/div>\n\t\t<\/section>\n\t\t\t\t<section class=\"elementor-section elementor-top-section elementor-element elementor-element-cb4abaf elementor-section-boxed elementor-section-height-default elementor-section-height-default\" data-id=\"cb4abaf\" data-element_type=\"section\">\n\t\t\t\t\t\t<div class=\"elementor-container elementor-column-gap-default\">\n\t\t\t\t\t<div class=\"elementor-column elementor-col-100 elementor-top-column elementor-element elementor-element-d609cab\" data-id=\"d609cab\" data-element_type=\"column\">\n\t\t\t<div class=\"elementor-widget-wrap elementor-element-populated\">\n\t\t\t\t\t\t<div class=\"elementor-element elementor-element-380b404 elementor-widget elementor-widget-spacer\" data-id=\"380b404\" data-element_type=\"widget\" data-widget_type=\"spacer.default\">\n\t\t\t\t<div class=\"elementor-widget-container\">\n\t\t\t\t\t<div class=\"elementor-spacer\">\n\t\t\t<div class=\"elementor-spacer-inner\"><\/div>\n\t\t<\/div>\n\t\t\t\t<\/div>\n\t\t\t\t<\/div>\n\t\t\t\t\t<\/div>\n\t\t<\/div>\n\t\t\t\t\t<\/div>\n\t\t<\/section>\n\t\t\t\t<section class=\"elementor-section elementor-top-section elementor-element elementor-element-32619fe elementor-section-boxed elementor-section-height-default elementor-section-height-default\" data-id=\"32619fe\" data-element_type=\"section\">\n\t\t\t\t\t\t<div class=\"elementor-container elementor-column-gap-default\">\n\t\t\t\t\t<div class=\"elementor-column elementor-col-100 elementor-top-column elementor-element elementor-element-3c7eea0\" data-id=\"3c7eea0\" data-element_type=\"column\">\n\t\t\t<div class=\"elementor-widget-wrap elementor-element-populated\">\n\t\t\t\t\t\t<div class=\"elementor-element elementor-element-cae1b58 elementor-widget elementor-widget-text-editor\" data-id=\"cae1b58\" data-element_type=\"widget\" data-widget_type=\"text-editor.default\">\n\t\t\t\t<div class=\"elementor-widget-container\">\n\t\t\t\t\t\t\t<p>Vous avez entendu parler des mots-cl\u00e9s mais savez-vous comment les choisir ? Quels sont les crit\u00e8res \u00e0 prendre en compte avant de lancer une campagne publicitaire ?<\/p>\t\t\t\t\t\t<\/div>\n\t\t\t\t<\/div>\n\t\t\t\t\t<\/div>\n\t\t<\/div>\n\t\t\t\t\t<\/div>\n\t\t<\/section>\n\t\t\t\t<section class=\"elementor-section elementor-top-section elementor-element elementor-element-bb0b62b elementor-section-boxed elementor-section-height-default elementor-section-height-default\" data-id=\"bb0b62b\" data-element_type=\"section\" data-settings=\"{&quot;background_background&quot;:&quot;classic&quot;}\">\n\t\t\t\t\t\t<div class=\"elementor-container elementor-column-gap-default\">\n\t\t\t\t\t<div class=\"elementor-column elementor-col-100 elementor-top-column elementor-element elementor-element-5085c87\" data-id=\"5085c87\" data-element_type=\"column\">\n\t\t\t<div class=\"elementor-widget-wrap elementor-element-populated\">\n\t\t\t\t\t\t<section class=\"elementor-section elementor-inner-section elementor-element elementor-element-b70554b elementor-section-boxed elementor-section-height-default elementor-section-height-default\" data-id=\"b70554b\" data-element_type=\"section\">\n\t\t\t\t\t\t<div class=\"elementor-container elementor-column-gap-default\">\n\t\t\t\t\t<div class=\"elementor-column elementor-col-50 elementor-inner-column elementor-element elementor-element-b2345ea elementor-invisible\" data-id=\"b2345ea\" data-element_type=\"column\" data-settings=\"{&quot;animation&quot;:&quot;fadeIn&quot;}\">\n\t\t\t<div class=\"elementor-widget-wrap elementor-element-populated\">\n\t\t\t\t\t\t<div class=\"elementor-element elementor-element-ae07d9f elementor-view-default elementor-invisible elementor-widget elementor-widget-icon\" data-id=\"ae07d9f\" data-element_type=\"widget\" data-settings=\"{&quot;_animation&quot;:&quot;fadeIn&quot;}\" data-widget_type=\"icon.default\">\n\t\t\t\t<div class=\"elementor-widget-container\">\n\t\t\t\t\t<div class=\"elementor-icon-wrapper\">\n\t\t\t<div class=\"elementor-icon\">\n\t\t\t<i aria-hidden=\"true\" class=\"fas fa-chart-line\"><\/i>\t\t\t<\/div>\n\t\t<\/div>\n\t\t\t\t<\/div>\n\t\t\t\t<\/div>\n\t\t\t\t\t<\/div>\n\t\t<\/div>\n\t\t\t\t<div class=\"elementor-column elementor-col-50 elementor-inner-column elementor-element elementor-element-03e519a\" data-id=\"03e519a\" data-element_type=\"column\">\n\t\t\t<div class=\"elementor-widget-wrap elementor-element-populated\">\n\t\t\t\t\t\t<div class=\"elementor-element elementor-element-66f9f60 elementor-invisible elementor-widget elementor-widget-heading\" data-id=\"66f9f60\" data-element_type=\"widget\" data-settings=\"{&quot;_animation&quot;:&quot;fadeInUp&quot;}\" data-widget_type=\"heading.default\">\n\t\t\t\t<div class=\"elementor-widget-container\">\n\t\t\t<h2 class=\"elementor-heading-title elementor-size-default\">Vous avez envie de cr\u00e9er une campagne publicitaire ?<\/h2>\t\t<\/div>\n\t\t\t\t<\/div>\n\t\t\t\t\t<\/div>\n\t\t<\/div>\n\t\t\t\t\t<\/div>\n\t\t<\/section>\n\t\t\t\t<div class=\"elementor-element elementor-element-7a069c3 elementor-invisible elementor-widget elementor-widget-toggle\" data-id=\"7a069c3\" data-element_type=\"widget\" data-settings=\"{&quot;_animation&quot;:&quot;fadeIn&quot;}\" data-widget_type=\"toggle.default\">\n\t\t\t\t<div class=\"elementor-widget-container\">\n\t\t\t\t\t<div class=\"elementor-toggle\">\n\t\t\t\t\t\t\t<div class=\"elementor-toggle-item\">\n\t\t\t\t\t<div id=\"elementor-tab-title-1271\" class=\"elementor-tab-title\" data-tab=\"1\" role=\"button\" aria-controls=\"elementor-tab-content-1271\" aria-expanded=\"false\">\n\t\t\t\t\t\t\t\t\t\t\t\t<span class=\"elementor-toggle-icon elementor-toggle-icon-left\" aria-hidden=\"true\">\n\t\t\t\t\t\t\t\t\t\t\t\t\t\t\t<span class=\"elementor-toggle-icon-closed\"><i class=\"fas fa-caret-right\"><\/i><\/span>\n\t\t\t\t\t\t\t\t<span class=\"elementor-toggle-icon-opened\"><i class=\"elementor-toggle-icon-opened fas fa-caret-up\"><\/i><\/span>\n\t\t\t\t\t\t\t\t\t\t\t\t\t<\/span>\n\t\t\t\t\t\t\t\t\t\t\t\t<a class=\"elementor-toggle-title\" tabindex=\"0\">Cliquez ici pour en savoir plus<\/a>\n\t\t\t\t\t<\/div>\n\n\t\t\t\t\t<div id=\"elementor-tab-content-1271\" class=\"elementor-tab-content elementor-clearfix\" data-tab=\"1\" role=\"region\" aria-labelledby=\"elementor-tab-title-1271\"><p>Vous \u00eates d\u00e9j\u00e0 pr\u00e9sent sur internet mais vous voulez attirer plus de visiteurs ? Vous souhaitez augmenter rapidement vos ventes ?<\/p><p>Il est de temps de lancer une campagne publicitaire !<\/p><p>La plus connue est la campagne Google Adwords mais elle n&rsquo;est pas la seule.<\/p><p>Nous d\u00e9terminerons ensemble selon vos objectifs, vos sp\u00e9cificit\u00e9s et votre budget quelle est la meilleure m\u00e9thode pour y parvenir.<\/p><p>En tant qu&rsquo;expert Google dipl\u00f4m\u00e9 nous saurons vous aider \u00e0 atteindre vos objectifs sur internet.<\/p><p><a href=\"https:\/\/jl-informatique.fr\/pros\/contact\/\" data-rich-text-format-boundary=\"true\">Commandez votre Campagne publicitaire<\/a> !<\/p><\/div>\n\t\t\t\t<\/div>\n\t\t\t\t\t\t\t\t<\/div>\n\t\t\t\t<\/div>\n\t\t\t\t<\/div>\n\t\t\t\t\t<\/div>\n\t\t<\/div>\n\t\t\t\t\t<\/div>\n\t\t<\/section>\n\t\t\t\t<section class=\"elementor-section elementor-top-section elementor-element elementor-element-aec20cd elementor-section-boxed elementor-section-height-default elementor-section-height-default\" data-id=\"aec20cd\" data-element_type=\"section\">\n\t\t\t\t\t\t<div class=\"elementor-container elementor-column-gap-default\">\n\t\t\t\t\t<div class=\"elementor-column elementor-col-100 elementor-top-column elementor-element elementor-element-fb323d5\" data-id=\"fb323d5\" data-element_type=\"column\">\n\t\t\t<div class=\"elementor-widget-wrap elementor-element-populated\">\n\t\t\t\t\t\t<div class=\"elementor-element elementor-element-04e93aa elementor-widget elementor-widget-spacer\" data-id=\"04e93aa\" data-element_type=\"widget\" data-widget_type=\"spacer.default\">\n\t\t\t\t<div class=\"elementor-widget-container\">\n\t\t\t\t\t<div class=\"elementor-spacer\">\n\t\t\t<div class=\"elementor-spacer-inner\"><\/div>\n\t\t<\/div>\n\t\t\t\t<\/div>\n\t\t\t\t<\/div>\n\t\t\t\t\t<\/div>\n\t\t<\/div>\n\t\t\t\t\t<\/div>\n\t\t<\/section>\n\t\t\t\t<section class=\"elementor-section elementor-top-section elementor-element elementor-element-889fd0a elementor-section-boxed elementor-section-height-default elementor-section-height-default\" data-id=\"889fd0a\" data-element_type=\"section\">\n\t\t\t\t\t\t<div class=\"elementor-container elementor-column-gap-default\">\n\t\t\t\t\t<div class=\"elementor-column elementor-col-100 elementor-top-column elementor-element elementor-element-f3038bd\" data-id=\"f3038bd\" data-element_type=\"column\">\n\t\t\t<div class=\"elementor-widget-wrap elementor-element-populated\">\n\t\t\t\t\t\t<div class=\"elementor-element elementor-element-61583e3 elementor-widget elementor-widget-text-editor\" data-id=\"61583e3\" data-element_type=\"widget\" data-widget_type=\"text-editor.default\">\n\t\t\t\t<div class=\"elementor-widget-container\">\n\t\t\t\t\t\t\t<p>En tant qu&rsquo;expert Google dipl\u00f4m\u00e9 nous saurons vous aider \u00e0 choisir les mots-cl\u00e9s les plus efficaces pour \u00eatre pr\u00e9sent dans les moteurs de recherche.<\/p>\t\t\t\t\t\t<\/div>\n\t\t\t\t<\/div>\n\t\t\t\t\t<\/div>\n\t\t<\/div>\n\t\t\t\t\t<\/div>\n\t\t<\/section>\n\t\t\t\t<section class=\"elementor-section elementor-top-section elementor-element elementor-element-7be8750 elementor-section-boxed elementor-section-height-default elementor-section-height-default\" data-id=\"7be8750\" data-element_type=\"section\">\n\t\t\t\t\t\t<div class=\"elementor-container elementor-column-gap-default\">\n\t\t\t\t\t<div class=\"elementor-column elementor-col-100 elementor-top-column elementor-element elementor-element-86a4119\" data-id=\"86a4119\" data-element_type=\"column\">\n\t\t\t<div class=\"elementor-widget-wrap elementor-element-populated\">\n\t\t\t\t\t\t<div class=\"elementor-element elementor-element-4f44e36 elementor-widget elementor-widget-text-editor\" data-id=\"4f44e36\" data-element_type=\"widget\" data-widget_type=\"text-editor.default\">\n\t\t\t\t<div class=\"elementor-widget-container\">\n\t\t\t\t\t\t\t<p><a style=\"background-color: #ffffff;\" href=\"https:\/\/jl-informatique.fr\/pros\/contact\/\">Commen\u00e7ons votre Marketing<\/a> !<\/p>\t\t\t\t\t\t<\/div>\n\t\t\t\t<\/div>\n\t\t\t\t\t<\/div>\n\t\t<\/div>\n\t\t\t\t\t<\/div>\n\t\t<\/section>\n\t\t\t\t<section class=\"elementor-section elementor-top-section elementor-element elementor-element-7539d7c elementor-section-boxed elementor-section-height-default elementor-section-height-default\" data-id=\"7539d7c\" data-element_type=\"section\">\n\t\t\t\t\t\t<div class=\"elementor-container elementor-column-gap-default\">\n\t\t\t\t\t<div class=\"elementor-column elementor-col-100 elementor-top-column elementor-element elementor-element-8fe3df3\" data-id=\"8fe3df3\" data-element_type=\"column\">\n\t\t\t<div class=\"elementor-widget-wrap elementor-element-populated\">\n\t\t\t\t\t\t<div class=\"elementor-element elementor-element-cf12b46 elementor-widget elementor-widget-image\" data-id=\"cf12b46\" data-element_type=\"widget\" data-widget_type=\"image.default\">\n\t\t\t\t<div class=\"elementor-widget-container\">\n\t\t\t\t\t\t\t\t\t\t\t\t\t<img decoding=\"async\" src=\"https:\/\/jl-informatique.fr\/pros\/wp-content\/uploads\/elementor\/thumbs\/jl-informatique-pros-certification-google-pour-les-pros-ofb220s9jp58i3xyiukly0p4vo25n591h4k6n3hhoq.png\" title=\"jl-informatique-pros-certification-google-pour-les-pros\" alt=\"jl-informatique-pros-certification-google-pour-les-pros\" loading=\"lazy\" \/>\t\t\t\t\t\t\t\t\t\t\t\t\t<\/div>\n\t\t\t\t<\/div>\n\t\t\t\t\t<\/div>\n\t\t<\/div>\n\t\t\t\t\t<\/div>\n\t\t<\/section>\n\t\t\t\t<\/div>\n\t\t","protected":false},"excerpt":{"rendered":"<p>Campagne publicitaire Adwords, Adsense, r\u00e9f\u00e9rencement, SEO, optimisation de contenu&#8230; \u00catre pr\u00e9sent sur internet est essentiel. Mais ce n&rsquo;est qu&rsquo;une premi\u00e8re \u00e9tape. Il faut maintenant mettre en oeuvre tous les moyens pour \u00eatre visible \u00e0 court, moyen et long terme. Vous avez cr\u00e9\u00e9 vous-m\u00eame votre site mais n&rsquo;avez pas de connaissances techniques pouss\u00e9es dans le domaine &#8230; <a title=\"Marketing\" class=\"read-more\" href=\"https:\/\/jl-informatique.fr\/pros\/marketing\/\" aria-label=\"Read more about Marketing\">Lire la suite<\/a><\/p>\n","protected":false},"author":1,"featured_media":0,"parent":0,"menu_order":0,"comment_status":"closed","ping_status":"closed","template":"","meta":{"_seopress_robots_primary_cat":"","_seopress_titles_title":"","_seopress_titles_desc":"D\u00e9couvrez toutes les prestations marketing propos\u00e9es par JL informatique !","_seopress_robots_index":""},"_links":{"self":[{"href":"https:\/\/jl-informatique.fr\/pros\/wp-json\/wp\/v2\/pages\/114"}],"collection":[{"href":"https:\/\/jl-informatique.fr\/pros\/wp-json\/wp\/v2\/pages"}],"about":[{"href":"https:\/\/jl-informatique.fr\/pros\/wp-json\/wp\/v2\/types\/page"}],"author":[{"embeddable":true,"href":"https:\/\/jl-informatique.fr\/pros\/wp-json\/wp\/v2\/users\/1"}],"replies":[{"embeddable":true,"href":"https:\/\/jl-informatique.fr\/pros\/wp-json\/wp\/v2\/comments?post=114"}],"version-history":[{"count":14,"href":"https:\/\/jl-informatique.fr\/pros\/wp-json\/wp\/v2\/pages\/114\/revisions"}],"predecessor-version":[{"id":1345,"href":"https:\/\/jl-informatique.fr\/pros\/wp-json\/wp\/v2\/pages\/114\/revisions\/1345"}],"wp:attachment":[{"href":"https:\/\/jl-informatique.fr\/pros\/wp-json\/wp\/v2\/media?parent=114"}],"curies":[{"name":"wp","href":"https:\/\/api.w.org\/{rel}","templated":true}]}}