{"id":26,"date":"2018-11-12T11:39:03","date_gmt":"2018-11-12T10:39:03","guid":{"rendered":"https:\/\/jl-informatique.fr\/pro\/?page_id=26"},"modified":"2020-01-21T22:38:04","modified_gmt":"2020-01-21T21:38:04","slug":"contact","status":"publish","type":"page","link":"https:\/\/jl-informatique.fr\/pros\/contact\/","title":{"rendered":"Contact"},"content":{"rendered":"\t\t<div data-elementor-type=\"wp-page\" data-elementor-id=\"26\" class=\"elementor elementor-26\">\n\t\t\t\t\t\t<section class=\"elementor-section elementor-top-section elementor-element elementor-element-4f40c57 elementor-section-boxed elementor-section-height-default elementor-section-height-default\" data-id=\"4f40c57\" data-element_type=\"section\">\n\t\t\t\t\t\t<div class=\"elementor-container elementor-column-gap-default\">\n\t\t\t\t\t<div class=\"elementor-column elementor-col-100 elementor-top-column elementor-element elementor-element-71ac89c animated-slow elementor-invisible\" data-id=\"71ac89c\" data-element_type=\"column\" data-settings=\"{&quot;animation&quot;:&quot;fadeIn&quot;}\">\n\t\t\t<div class=\"elementor-widget-wrap elementor-element-populated\">\n\t\t\t\t\t\t<div class=\"elementor-element elementor-element-3b758e0 elementor-widget elementor-widget-text-editor\" data-id=\"3b758e0\" data-element_type=\"widget\" data-widget_type=\"text-editor.default\">\n\t\t\t\t<div class=\"elementor-widget-container\">\n\t\t\t\t\t\t\t<p>Pour toute\u00a0<strong>demande d&rsquo;information<\/strong>, pour <strong>passer commande<\/strong> ou pour toute <strong>autre raison<\/strong> :<\/p>\t\t\t\t\t\t<\/div>\n\t\t\t\t<\/div>\n\t\t\t\t\t<\/div>\n\t\t<\/div>\n\t\t\t\t\t<\/div>\n\t\t<\/section>\n\t\t\t\t<section class=\"elementor-section elementor-top-section elementor-element elementor-element-e11e916 elementor-section-boxed elementor-section-height-default elementor-section-height-default elementor-invisible\" data-id=\"e11e916\" data-element_type=\"section\" data-settings=\"{&quot;animation&quot;:&quot;zoomIn&quot;}\">\n\t\t\t\t\t\t<div class=\"elementor-container elementor-column-gap-default\">\n\t\t\t\t\t<div class=\"elementor-column elementor-col-33 elementor-top-column elementor-element elementor-element-da0d7c9\" data-id=\"da0d7c9\" data-element_type=\"column\">\n\t\t\t<div class=\"elementor-widget-wrap elementor-element-populated\">\n\t\t\t\t\t\t<div class=\"elementor-element elementor-element-33c4401 elementor-view-default elementor-widget elementor-widget-icon\" data-id=\"33c4401\" data-element_type=\"widget\" data-widget_type=\"icon.default\">\n\t\t\t\t<div class=\"elementor-widget-container\">\n\t\t\t\t\t<div class=\"elementor-icon-wrapper\">\n\t\t\t<a class=\"elementor-icon\" href=\"tel:0681008048\">\n\t\t\t<i aria-hidden=\"true\" class=\"fas fa-phone-alt\"><\/i>\t\t\t<\/a>\n\t\t<\/div>\n\t\t\t\t<\/div>\n\t\t\t\t<\/div>\n\t\t\t\t\t<\/div>\n\t\t<\/div>\n\t\t\t\t<div class=\"elementor-column elementor-col-66 elementor-top-column elementor-element elementor-element-fa27b82\" data-id=\"fa27b82\" data-element_type=\"column\">\n\t\t\t<div class=\"elementor-widget-wrap elementor-element-populated\">\n\t\t\t\t\t\t<div class=\"elementor-element elementor-element-1c8555a elementor-widget elementor-widget-text-editor\" data-id=\"1c8555a\" data-element_type=\"widget\" data-widget_type=\"text-editor.default\">\n\t\t\t\t<div class=\"elementor-widget-container\">\n\t\t\t\t\t\t\t<p><span style=\"font-weight: bold;\">Appelez-nous<\/span>\u00a0au\u00a0<a href=\"tel:0681008048\">06 81 00 80 48<\/a><\/p>\t\t\t\t\t\t<\/div>\n\t\t\t\t<\/div>\n\t\t\t\t\t<\/div>\n\t\t<\/div>\n\t\t\t\t\t<\/div>\n\t\t<\/section>\n\t\t\t\t<section class=\"elementor-section elementor-top-section elementor-element elementor-element-152f630 elementor-section-boxed elementor-section-height-default elementor-section-height-default elementor-invisible\" data-id=\"152f630\" data-element_type=\"section\" data-settings=\"{&quot;animation&quot;:&quot;zoomIn&quot;}\">\n\t\t\t\t\t\t<div class=\"elementor-container elementor-column-gap-default\">\n\t\t\t\t\t<div class=\"elementor-column elementor-col-33 elementor-top-column elementor-element elementor-element-8b721c7\" data-id=\"8b721c7\" data-element_type=\"column\">\n\t\t\t<div class=\"elementor-widget-wrap elementor-element-populated\">\n\t\t\t\t\t\t<div class=\"elementor-element elementor-element-5c97958 elementor-view-default elementor-widget elementor-widget-icon\" data-id=\"5c97958\" data-element_type=\"widget\" data-widget_type=\"icon.default\">\n\t\t\t\t<div class=\"elementor-widget-container\">\n\t\t\t\t\t<div class=\"elementor-icon-wrapper\">\n\t\t\t<a class=\"elementor-icon\" href=\"mailto:contact@jl-informatique.fr\">\n\t\t\t<i aria-hidden=\"true\" class=\"far fa-envelope\"><\/i>\t\t\t<\/a>\n\t\t<\/div>\n\t\t\t\t<\/div>\n\t\t\t\t<\/div>\n\t\t\t\t\t<\/div>\n\t\t<\/div>\n\t\t\t\t<div class=\"elementor-column elementor-col-66 elementor-top-column elementor-element elementor-element-674c216\" data-id=\"674c216\" data-element_type=\"column\">\n\t\t\t<div class=\"elementor-widget-wrap elementor-element-populated\">\n\t\t\t\t\t\t<div class=\"elementor-element elementor-element-fa6b0f8 elementor-widget elementor-widget-text-editor\" data-id=\"fa6b0f8\" data-element_type=\"widget\" data-widget_type=\"text-editor.default\">\n\t\t\t\t<div class=\"elementor-widget-container\">\n\t\t\t\t\t\t\t<p><span style=\"font-weight: bold;\">\u00c9crivez-nous<\/span>\u00a0\u00e0 l\u2019adresse\u00a0<a href=\"mailto:contact@jl-informatique.fr\">contact@jl-informatique.fr<\/a><\/p>\t\t\t\t\t\t<\/div>\n\t\t\t\t<\/div>\n\t\t\t\t\t<\/div>\n\t\t<\/div>\n\t\t\t\t\t<\/div>\n\t\t<\/section>\n\t\t\t\t<section class=\"elementor-section elementor-top-section elementor-element elementor-element-a25e2cb elementor-section-boxed elementor-section-height-default elementor-section-height-default elementor-invisible\" data-id=\"a25e2cb\" data-element_type=\"section\" data-settings=\"{&quot;animation&quot;:&quot;zoomIn&quot;}\">\n\t\t\t\t\t\t<div class=\"elementor-container elementor-column-gap-default\">\n\t\t\t\t\t<div class=\"elementor-column elementor-col-33 elementor-top-column elementor-element elementor-element-8b9ab5d\" data-id=\"8b9ab5d\" data-element_type=\"column\">\n\t\t\t<div class=\"elementor-widget-wrap elementor-element-populated\">\n\t\t\t\t\t\t<div class=\"elementor-element elementor-element-8e8f9e6 elementor-view-default elementor-widget elementor-widget-icon\" data-id=\"8e8f9e6\" data-element_type=\"widget\" data-widget_type=\"icon.default\">\n\t\t\t\t<div class=\"elementor-widget-container\">\n\t\t\t\t\t<div class=\"elementor-icon-wrapper\">\n\t\t\t<div class=\"elementor-icon\">\n\t\t\t<i aria-hidden=\"true\" class=\"far fa-edit\"><\/i>\t\t\t<\/div>\n\t\t<\/div>\n\t\t\t\t<\/div>\n\t\t\t\t<\/div>\n\t\t\t\t\t<\/div>\n\t\t<\/div>\n\t\t\t\t<div class=\"elementor-column elementor-col-66 elementor-top-column elementor-element elementor-element-ddb08db\" data-id=\"ddb08db\" data-element_type=\"column\">\n\t\t\t<div class=\"elementor-widget-wrap elementor-element-populated\">\n\t\t\t\t\t\t<div class=\"elementor-element elementor-element-e0992b6 elementor-widget elementor-widget-text-editor\" data-id=\"e0992b6\" data-element_type=\"widget\" data-widget_type=\"text-editor.default\">\n\t\t\t\t<div class=\"elementor-widget-container\">\n\t\t\t\t\t\t\t<p>Compl\u00e9tez et\u00a0<span style=\"font-weight: bold;\">envoyez-nous le formulaire<\/span>\u00a0suivant :<\/p>\t\t\t\t\t\t<\/div>\n\t\t\t\t<\/div>\n\t\t\t\t\t<\/div>\n\t\t<\/div>\n\t\t\t\t\t<\/div>\n\t\t<\/section>\n\t\t\t\t<section class=\"elementor-section elementor-top-section elementor-element elementor-element-842091b elementor-section-boxed elementor-section-height-default elementor-section-height-default\" data-id=\"842091b\" data-element_type=\"section\">\n\t\t\t\t\t\t<div class=\"elementor-container elementor-column-gap-default\">\n\t\t\t\t\t<div class=\"elementor-column elementor-col-100 elementor-top-column elementor-element elementor-element-1dd446d animated-slow elementor-invisible\" data-id=\"1dd446d\" data-element_type=\"column\" data-settings=\"{&quot;animation&quot;:&quot;fadeIn&quot;}\">\n\t\t\t<div class=\"elementor-widget-wrap elementor-element-populated\">\n\t\t\t\t\t\t<div class=\"elementor-element elementor-element-58040d8 elementor-widget elementor-widget-shortcode\" data-id=\"58040d8\" data-element_type=\"widget\" data-widget_type=\"shortcode.default\">\n\t\t\t\t<div class=\"elementor-widget-container\">\n\t\t\t\t\t<div class=\"elementor-shortcode\"><div class=\"frm_forms  with_frm_style frm_style_style-formidable\" id=\"frm_form_2_container\" >\n<form enctype=\"multipart\/form-data\" method=\"post\" class=\"frm-show-form \" id=\"form_knyk9\"  >\n<div class=\"frm_form_fields \">\n<fieldset>\n<legend class=\"frm_hidden\">Contact<\/legend>\r\n\r\n<div class=\"frm_fields_container\">\n<input type=\"hidden\" name=\"frm_action\" value=\"create\" \/>\n<input type=\"hidden\" name=\"form_id\" value=\"2\" \/>\n<input type=\"hidden\" name=\"frm_hide_fields_2\" id=\"frm_hide_fields_2\" value=\"\" \/>\n<input type=\"hidden\" name=\"form_key\" value=\"knyk9\" \/>\n<input type=\"hidden\" name=\"item_meta[0]\" value=\"\" \/>\n<input type=\"hidden\" id=\"frm_submit_entry_2\" name=\"frm_submit_entry_2\" value=\"cb2dfe7484\" \/><input type=\"hidden\" name=\"_wp_http_referer\" value=\"\/pros\/wp-json\/wp\/v2\/pages\/26\" \/><div id=\"frm_field_6_container\" class=\"frm_form_field form-field  frm_top_container\">\r\n    <label  class=\"frm_primary_label\">Civilit\u00e9\r\n        <span class=\"frm_required\"><\/span>\r\n    <\/label>\r\n    <div class=\"frm_opt_container\">\t\t<select name=\"item_meta[6]\" id=\"field_g49km\"  data-invmsg=\"Civilit\u00e9 est non valide\" aria-invalid=\"false\"  >\n\t\t<option  value=\"\" selected='selected'> <\/option><option  value=\"Madame\">Madame<\/option><option  value=\"Monsieur\">Monsieur<\/option>\t<\/select>\n\t<\/div>\r\n    \r\n    \r\n<\/div>\n<div id=\"frm_field_7_container\" class=\"frm_form_field form-field  frm_top_container\">\r\n    <label for=\"field_k3set\" class=\"frm_primary_label\">Pr\u00e9nom\r\n        <span class=\"frm_required\"><\/span>\r\n    <\/label>\r\n    <input type=\"text\" id=\"field_k3set\" name=\"item_meta[7]\" value=\"\"  data-invmsg=\"Pr\u00e9nom est non valide\" aria-invalid=\"false\"  \/>\r\n    \r\n    \r\n<\/div>\n<div id=\"frm_field_8_container\" class=\"frm_form_field form-field  frm_required_field frm_top_container\">\r\n    <label for=\"field_unggs\" class=\"frm_primary_label\">Nom\r\n        <span class=\"frm_required\">*<\/span>\r\n    <\/label>\r\n    <input type=\"text\" id=\"field_unggs\" name=\"item_meta[8]\" value=\"\"  data-reqmsg=\"Ce champ ne peut pas \u00eatre vide\" aria-required=\"true\" data-invmsg=\"Nom est non valide\" aria-invalid=\"false\"  \/>\r\n    \r\n    \r\n<\/div>\n<div id=\"frm_field_9_container\" class=\"frm_form_field form-field  frm_required_field frm_top_container\">\r\n    <label for=\"field_fg61f\" class=\"frm_primary_label\">E-mail\r\n        <span class=\"frm_required\">*<\/span>\r\n    <\/label>\r\n    <input type=\"email\" id=\"field_fg61f\" name=\"item_meta[9]\" value=\"\"  data-reqmsg=\"Ce champ ne peut pas \u00eatre vide\" aria-required=\"true\" data-invmsg=\"E-mail est non valide\" aria-invalid=\"false\"  \/>\r\n    \r\n    \r\n<\/div>\n<div id=\"frm_field_10_container\" class=\"frm_form_field form-field  frm_top_container\">\r\n    <label for=\"field_9bt20\" class=\"frm_primary_label\">T\u00e9l\u00e9phone\r\n        <span class=\"frm_required\"><\/span>\r\n    <\/label>\r\n    <input type=\"text\" id=\"field_9bt20\" name=\"item_meta[10]\" value=\"\"  data-invmsg=\"T\u00e9l\u00e9phone est non valide\" aria-invalid=\"false\"  \/>\r\n    \r\n    \r\n<\/div>\n<div id=\"frm_field_11_container\" class=\"frm_form_field form-field  frm_required_field frm_top_container vertical_radio\">\r\n    <label  class=\"frm_primary_label\">Objet du message\r\n        <span class=\"frm_required\">*<\/span>\r\n    <\/label>\r\n    <div class=\"frm_opt_container\">\t\t<div class=\"frm_radio\" id=\"frm_radio_11-0\"><label for=\"field_1341e-0\">\t\t<input type=\"radio\" name=\"item_meta[11]\" id=\"field_1341e-0\" value=\"Demande d&#039;informations\"\n\t\t   data-reqmsg=\"Ce champ ne peut pas \u00eatre vide\" data-invmsg=\"Objet du message est non valide\" aria-invalid=\"false\"  \/> Demande d'informations<\/label><\/div>\n\t\t<div class=\"frm_radio\" id=\"frm_radio_11-1\"><label for=\"field_1341e-1\">\t\t<input type=\"radio\" name=\"item_meta[11]\" id=\"field_1341e-1\" value=\"Commande\"\n\t\t   data-reqmsg=\"Ce champ ne peut pas \u00eatre vide\" data-invmsg=\"Objet du message est non valide\" aria-invalid=\"false\"  \/> Commande<\/label><\/div>\n\t\t<div class=\"frm_radio\" id=\"frm_radio_11-2\"><label for=\"field_1341e-2\">\t\t<input type=\"radio\" name=\"item_meta[11]\" id=\"field_1341e-2\" value=\"Autre raison\"\n\t\t   data-reqmsg=\"Ce champ ne peut pas \u00eatre vide\" data-invmsg=\"Objet du message est non valide\" aria-invalid=\"false\"  \/> Autre raison<\/label><\/div>\n<\/div>\r\n    \r\n    \r\n<\/div>\n<div id=\"frm_field_12_container\" class=\"frm_form_field form-field  frm_required_field frm_top_container\">\r\n    <label for=\"field_le1wc\" class=\"frm_primary_label\">Message\r\n        <span class=\"frm_required\">*<\/span>\r\n    <\/label>\r\n    <textarea name=\"item_meta[12]\" id=\"field_le1wc\" rows=\"5\"  data-reqmsg=\"Ce champ ne peut pas \u00eatre vide\" aria-required=\"true\" data-invmsg=\"Message est non valide\" aria-invalid=\"false\"  ><\/textarea>\r\n    \r\n    \r\n<\/div>\n<div id=\"frm_field_14_container\" class=\"frm_form_field form-field  frm_required_field frm_top_container vertical_radio\">\r\n    <div  id=\"field_vfft3_label\" class=\"frm_primary_label\">Traitement des donn\u00e9es personnelles\r\n        <span class=\"frm_required\">*<\/span>\r\n    <\/div>\r\n    <div class=\"frm_opt_container\" aria-labelledby=\"field_vfft3_label\" role=\"group\">\t\t<div class=\"frm_checkbox\" id=\"frm_checkbox_14-0\"><label for=\"field_vfft3-0\"><input type=\"checkbox\" name=\"item_meta[14][]\" id=\"field_vfft3-0\" value=\"En soumettant ce formulaire j&#039;accepte que les informations saisies soient exploit\u00e9es dans le cadre de ma demande et en accord avec la politique de confidentialit\u00e9 de JL informatique\"  data-reqmsg=\"Ce champ ne peut pas \u00eatre vide\" data-invmsg=\"Traitement des donn\u00e9es personnelles est non valide\" aria-invalid=\"false\"   aria-required=\"true\"  \/> En soumettant ce formulaire j'accepte que les informations saisies soient exploit\u00e9es dans le cadre de ma demande et en accord avec la politique de confidentialit\u00e9 de JL informatique<\/label><\/div>\n<\/div>\r\n    \r\n    \r\n<\/div>\n<div id=\"frm_field_15_container\" class=\"frm_form_field form-field  frm_none_container\">\n    <label for=\"h-captcha-response\" id=\"field_3zwji_label\" class=\"frm_primary_label\">Captcha\n        <span class=\"frm_required\" aria-hidden=\"true\"><\/span>\n    <\/label>\n    <div  id=\"field_3zwji\" class=\"h-captcha\" data-sitekey=\"bf40cf5b-fa39-4266-96c3-57f1c85f17b7\" data-size=\"normal\" data-theme=\"light\"><\/div>\n    \n    \n<\/div>\n\t<input type=\"hidden\" name=\"item_key\" value=\"\" \/>\n\t<div class=\"frm_submit\">\r\n\r\n<input type=\"submit\" value=\"Envoyer\"  \/>\r\n<img decoding=\"async\" class=\"frm_ajax_loading\" src=\"https:\/\/jl-informatique.fr\/pros\/wp-content\/plugins\/formidable\/images\/ajax_loader.gif\" alt=\"Envoi\"\/>\r\n\r\n<\/div><\/div>\n<\/fieldset>\n<\/div>\n<\/form>\n<\/div>\n<\/div>\n\t\t\t\t<\/div>\n\t\t\t\t<\/div>\n\t\t\t\t\t<\/div>\n\t\t<\/div>\n\t\t\t\t\t<\/div>\n\t\t<\/section>\n\t\t\t\t<\/div>\n\t\t","protected":false},"excerpt":{"rendered":"<p>Pour toute&nbsp;demande d&rsquo;information, pour passer commande ou pour toute autre raison : Appelez-nous&nbsp;au&nbsp;06 81 00 80 48 \u00c9crivez-nous&nbsp;\u00e0 l\u2019adresse&nbsp;contact@jl-informatique.fr Compl\u00e9tez et&nbsp;envoyez-nous le formulaire&nbsp;suivant :<\/p>\n","protected":false},"author":1,"featured_media":0,"parent":0,"menu_order":0,"comment_status":"closed","ping_status":"closed","template":"","meta":{"_seopress_robots_primary_cat":"","_seopress_titles_title":"","_seopress_titles_desc":"Retrouvez les diff\u00e9rents moyens pour contacter JL informatique : le t\u00e9l\u00e9phone, l&#039;e-mail et le formulaire de contact !","_seopress_robots_index":""},"_links":{"self":[{"href":"https:\/\/jl-informatique.fr\/pros\/wp-json\/wp\/v2\/pages\/26"}],"collection":[{"href":"https:\/\/jl-informatique.fr\/pros\/wp-json\/wp\/v2\/pages"}],"about":[{"href":"https:\/\/jl-informatique.fr\/pros\/wp-json\/wp\/v2\/types\/page"}],"author":[{"embeddable":true,"href":"https:\/\/jl-informatique.fr\/pros\/wp-json\/wp\/v2\/users\/1"}],"replies":[{"embeddable":true,"href":"https:\/\/jl-informatique.fr\/pros\/wp-json\/wp\/v2\/comments?post=26"}],"version-history":[{"count":11,"href":"https:\/\/jl-informatique.fr\/pros\/wp-json\/wp\/v2\/pages\/26\/revisions"}],"predecessor-version":[{"id":1344,"href":"https:\/\/jl-informatique.fr\/pros\/wp-json\/wp\/v2\/pages\/26\/revisions\/1344"}],"wp:attachment":[{"href":"https:\/\/jl-informatique.fr\/pros\/wp-json\/wp\/v2\/media?parent=26"}],"curies":[{"name":"wp","href":"https:\/\/api.w.org\/{rel}","templated":true}]}}