{"id":3,"date":"2019-09-23T09:41:36","date_gmt":"2019-09-23T07:41:36","guid":{"rendered":"https:\/\/jl-informatique.fr\/pros\/?page_id=3"},"modified":"2020-01-21T22:40:15","modified_gmt":"2020-01-21T21:40:15","slug":"politique-de-confidentialite2","status":"publish","type":"page","link":"https:\/\/jl-informatique.fr\/pros\/politique-de-confidentialite2\/","title":{"rendered":"Politique de confidentialit\u00e9"},"content":{"rendered":"\t\t<div data-elementor-type=\"wp-page\" data-elementor-id=\"3\" class=\"elementor elementor-3\">\n\t\t\t\t\t\t<section class=\"elementor-section elementor-top-section elementor-element elementor-element-193aa0c elementor-section-boxed elementor-section-height-default elementor-section-height-default\" data-id=\"193aa0c\" data-element_type=\"section\">\n\t\t\t\t\t\t<div class=\"elementor-container elementor-column-gap-default\">\n\t\t\t\t\t<div class=\"elementor-column elementor-col-100 elementor-top-column elementor-element elementor-element-d12602e\" data-id=\"d12602e\" data-element_type=\"column\">\n\t\t\t<div class=\"elementor-widget-wrap elementor-element-populated\">\n\t\t\t\t\t\t<div class=\"elementor-element elementor-element-c708301 elementor-widget elementor-widget-text-editor\" data-id=\"c708301\" data-element_type=\"widget\" data-widget_type=\"text-editor.default\">\n\t\t\t\t<div class=\"elementor-widget-container\">\n\t\t\t\t\t\t\t<p>JL-informatique.fr est un ensemble de sites \u00e9dit\u00e9s par l\u2019entreprise JL informatique \/ Julien L\u00c9ONARD dont le si\u00e8ge social est situ\u00e9 au 2 rue des Cigognes, 49460 CANTENAY-\u00c9PINARD. Vous pouvez le contacter \u00e0 l\u2019adresse <a href=\"mailto:contact@jl-informatique.fr\">contact@jl-informatique.fr<\/a> ou par t\u00e9l\u00e9phone au <a href=\"tel:0681008048\">06 80 00 80 48<\/a>.<\/p><p>Le site Internet est h\u00e9berg\u00e9 par la soci\u00e9t\u00e9 <a href=\"https:\/\/www.ionos.fr\/\" target=\"_blank\" rel=\"noopener\">IONOS 1&amp;1<\/a>, 7 place de la Gare, BP 70109, 57201 Sarreguemines Cedex<\/p><p>Le site Internet <a href=\"https:\/\/jl-informatique.fr\/pros\" target=\"_blank\" rel=\"noopener\">https:\/\/jl-informatique.fr\/pros<\/a> est la propri\u00e9t\u00e9 exclusive de JL informatique.<\/p><p>La consultation du Site est subordonn\u00e9e \u00e0 l\u2019acceptation int\u00e9grale et au respect par les internautes, des conditions d\u2019utilisation suivantes.<\/p><p>L\u2019internaute s\u2019engage \u00e0 faire un usage personnel et non commercial des informations contenues sur le Site. En cas de non-respect des dispositions des pr\u00e9sentes mentions l\u00e9gales, par l\u2019internaute, sa responsabilit\u00e9 civile et\/ou p\u00e9nale pourrai(en)t se voir engag\u00e9e(s).<\/p><p><strong>1. CONTENU DU SITE<\/strong><\/p><p>Le site est exploit\u00e9 par JL informatique.<\/p><p>Il pr\u00e9sente de informations commerciales sur les prestations pour professionnels de l\u2019entreprise JL informatique.<\/p><p><strong>2. PROPRI\u00c9T\u00c9 INTELLECTUELLE<\/strong><\/p><p>Tous les \u00e9l\u00e9ments visuels, textes et autres sont la propri\u00e9t\u00e9 de JL informatique et sont prot\u00e9g\u00e9s \u00e0 ce titre par les dispositions du Code de la propri\u00e9t\u00e9 intellectuelle.<\/p><p>Tout internaute s\u2019engage \u00e0 ne pas les utiliser que dans le strict cadre offert par le Site.<\/p><p><strong>3. PROTECTION DES DONN\u00c9ES PERSONNELLES<\/strong><\/p><p>L\u2019internaute peut \u00eatre amen\u00e9 \u00e0 fournir certaines donn\u00e9es personnelles en r\u00e9pondant au formulaire de contact qui est propos\u00e9 sur le Site. La saisie de ces donn\u00e9es est n\u00e9cessaire au traitement de la demande de l\u2019internaute, par JL informatique.<\/p><p>JL informatique s\u2019engage \u00e0 respecter les dispositions de la loi n\u00b078-17 du 6 janvier 1978 relative \u00e0 l\u2019informatique, aux fichiers et aux libert\u00e9s modifi\u00e9es et au R\u00e8glement (UE) 2016\/679 du Parlement europ\u00e9en et du Conseil du 27 avril 2016 dit \u00ab RGPD \u00bb et prendre toute pr\u00e9caution n\u00e9cessaire pour pr\u00e9server la s\u00e9curit\u00e9 des informations nominatives confi\u00e9es.<\/p><p><strong>Responsable de traitement<\/strong><\/p><p>JL informatique traite les donn\u00e9es personnelles des internautes en qualit\u00e9 de responsable de traitement.<\/p><p><strong>Donn\u00e9es personnelles trait\u00e9es et finalit\u00e9s de traitement<\/strong><\/p><p>JL informatique recueille sur le Site des donn\u00e9es personnelles d\u2019internautes ayant pris contact avec l\u2019entreprise via le formulaire de contact en ligne. Ces donn\u00e9es sont n\u00e9cessaires afin de r\u00e9pondre \u00e0 la sollicitation des internautes. Dans le cadre de la fourniture de ses services, JL informatique traite uniquement les donn\u00e9es personnelles suivantes strictement n\u00e9cessaires \u00e0 leur demande de prise de contact : nom, adresse E-mail, objet du message, contenu du message.<\/p><p>La finalit\u00e9 de traitement de ces donn\u00e9es personnelles est de permettre \u00e0 JL informatique de r\u00e9pondre aux sollicitations des internautes.<\/p><p>JL informatique tient par \u00e9crit un registre de traitements des donn\u00e9es personnelles trait\u00e9es sur le Site.<\/p><p><strong>Destinataires des donn\u00e9es personnelles<\/strong><\/p><p>Les donn\u00e9es personnelles collect\u00e9es sur le Site sont trait\u00e9es uniquement par les membres de l\u2019\u00e9quipe de JL informatique.<\/p><p>Les donn\u00e9es personnelles sont stock\u00e9es en grande majorit\u00e9 sur des serveurs d\u2019h\u00e9bergement situ\u00e9s dans l\u2019Union europ\u00e9enne (France et Allemagne). Les internautes sont inform\u00e9s que leurs donn\u00e9es personnelles feront l\u2019objet d\u2019une protection identique \u00e0 celle exig\u00e9e en Europe dans la mesure o\u00f9 les soci\u00e9t\u00e9s IONOS 1&amp;1 et Google ont l\u2019obligation de se conformer au RGPD concernant les donn\u00e9es personnelles de citoyens europ\u00e9ens.<\/p><p><strong>Dur\u00e9e de conservation des donn\u00e9es personnelles<\/strong><\/p><p>JL informatique s\u2019engage \u00e0 conserver ces donn\u00e9es personnelles, sauf obligation l\u00e9gale ou r\u00e9glementaire contraire, pour une dur\u00e9e maximale de trois ans \u00e0 compter du dernier contact avec l\u2019internaute, qu\u2019il soit \u00e0 l\u2019initiative de JL informatique ou de l\u2019internaute.<\/p><p>A l\u2019issue de cette dur\u00e9e ou en cas d\u2019exercice de ses droits par les internautes, JL informatique s\u2019engage \u00e0 d\u00e9truire toute copie des donn\u00e9es personnelles des internautes qu\u2019il d\u00e9tiendrait.<\/p><p><strong>S\u00e9curit\u00e9 des donn\u00e9es personnelles<\/strong><\/p><p>JL informatique s\u2019engage, au titre de son obligation de moyens, \u00e0 prendre toutes les pr\u00e9cautions utiles et met en \u0153uvre des mesures techniques et organisationnelles appropri\u00e9es en la mati\u00e8re pour garantir un niveau de s\u00e9curit\u00e9 adapt\u00e9 et pour prot\u00e9ger les donn\u00e9es personnelles des internautes contre les alt\u00e9rations, destructions et acc\u00e8s non autoris\u00e9s.<\/p><p><strong>Droits des internautes sur leurs donn\u00e9es personnelles<\/strong><\/p><p>Les internautes ont la possibilit\u00e9 d\u2019exercer leurs droits d\u2019acc\u00e8s, de rectification, d\u2019effacement, d\u2019opposition, de limitation du traitement, de portabilit\u00e9 de leurs donn\u00e9es personnelles, droit de ne pas faire l\u2019objet d\u2019une d\u00e9cision individuelle automatis\u00e9e et droit de r\u00e9vocation de leur consentement, concernant les donn\u00e9es personnelles qu\u2019ils fournissent.<\/p><p>Pour exercer l\u2019un de ces droits, il convient d\u2019adresser sa demande par E-mail \u00e0 l\u2019adresse suivante : rgpd@jl-informatique.fr<\/p><p>JL informatique s\u2019engage \u00e0 y r\u00e9pondre dans les meilleurs d\u00e9lais et au plus tard dans un d\u00e9lai d\u2019un mois \u00e0 compter de la r\u00e9ception de la demande.<\/p><p>Si les internautes consid\u00e8rent que le traitement de leurs donn\u00e9es personnelles constitue une violation de la l\u00e9gislation en vigueur, les internautes ont la possibilit\u00e9 d\u2019introduire une r\u00e9clamation aupr\u00e8s de la CNIL.<\/p><p><strong>Confidentialit\u00e9 des donn\u00e9es personnelles<\/strong><\/p><p>JL informatique garantit la confidentialit\u00e9 des donn\u00e9es personnelles trait\u00e9es et veille \u00e0 ce que les personnes autoris\u00e9es \u00e0 traiter lesdites donn\u00e9es personnelles s\u2019engagent \u00e9galement \u00e0 respecter cette obligation de confidentialit\u00e9.<\/p><p><strong>4. COOKIES<\/strong><\/p><p>La navigation sur le Site est susceptible d\u2019entra\u00eener l\u2019installation de cookies sur l\u2019ordinateur de l\u2019utilisateur.<\/p><p>Les donn\u00e9es obtenues par le biais de ces cookies ont vocation \u00e0 permettre diverses mesures de fr\u00e9quentation sur le Site.<\/p><p>L\u2019utilisateur du Site a la possibilit\u00e9 de d\u00e9sactiver les cookies en se rendant dans les options de son navigateur comme indiqu\u00e9 ci-dessous :<\/p><p><a href=\"https:\/\/support.google.com\/chrome\/answer\/95647?hl=fr\" target=\"_blank\" rel=\"noopener\">Google Chrome<\/a><br \/><a href=\"https:\/\/support.mozilla.org\/fr\/kb\/activer-desactiver-cookies-preferences?redirectlocale=fr&amp;redirectslug=activer-desactiver-cookies\" target=\"_blank\" rel=\"noopener\">Mozilla Firefox<\/a><br \/><a href=\"https:\/\/support.apple.com\/kb\/PH17191?viewlocale=fr_FR&amp;locale=en_US\" target=\"_blank\" rel=\"noopener\">Safari<\/a><br \/><a href=\"http:\/\/help.opera.com\/Windows\/10.20\/fr\/cookies.html\" target=\"_blank\" rel=\"noopener\">Opera<\/a><br \/><a href=\"https:\/\/privacy.microsoft.com\/fr-fr\/windows-10-microsoft-edge-and-privacy\" target=\"_blank\" rel=\"noopener\">Edge<\/a><br \/><a href=\"https:\/\/support.microsoft.com\/fr-fr\/help\/17442\/windows-internet-explorer-delete-manage-cookies#ie=ie-11\" target=\"_blank\" rel=\"noopener\">Internet Explorer<\/a><\/p><p><strong>5. GOOGLE ANALYTICS<\/strong><\/p><p>JL informatique utilise Google Analytics pour suivre les internautes sur ce Site.<\/p><p>Des cookies sont utilis\u00e9s par Google Analytics pour collecter ces donn\u00e9es.<\/p><p>Afin de se conformer \u00e0 la nouvelle r\u00e9glementation, Google et Clicky ont inclus une modification au traitement des donn\u00e9es que les internautes peuvent consulter sur les pages suivantes :<\/p><p><a href=\"https:\/\/www.google.com\/analytics\/terms\/dpa\/dataprocessingamendment_20130906.html\" target=\"_blank\" rel=\"noopener\">Google Analytics<\/a><\/p><p>JL informatique s\u2019engage \u00e0 traiter anonymement les donn\u00e9es collect\u00e9es et \u00e0 d\u00e9sactiver le \u00abpartage de donn\u00e9es\u00bb.<\/p><p><strong>6. RESPONSABILIT\u00c9<\/strong><\/p><p>JL informatique d\u00e9cline toute responsabilit\u00e9 quant aux \u00e9ventuels dysfonctionnements pouvant survenir sur le Site et entra\u00eener une perte de donn\u00e9es ou une indisponibilit\u00e9 de l\u2019acc\u00e8s aux informations produites sur celui-ci. JL informatique ne peut garantir l\u2019exhaustivit\u00e9 et la v\u00e9racit\u00e9 des informations pr\u00e9sentes sur le Site ainsi que l\u2019absence de modification par un tiers (intrusion, virus). L\u2019internaute est seul responsable de l\u2019utilisation qu\u2019il fait du contenu du Site.<\/p><p>Les \u00e9l\u00e9ments pr\u00e9sent\u00e9s sur le Site sont susceptibles de modification sans pr\u00e9avis et sont mis \u00e0 la disposition des internautes, sans aucune garantie d\u2019aucune sorte, expresse ou tacite.<\/p><p>La pr\u00e9sence de liens hypertextes pr\u00e9sents sur le Site ne cr\u00e9e pas une solidarit\u00e9 de responsabilit\u00e9 entre JL informatique et les propri\u00e9taires des autres sites, quant au contenu des sites sur lesquels est redirig\u00e9 l\u2019internaute. Seule la responsabilit\u00e9 desdits sites peut \u00eatre engag\u00e9e.<\/p>\t\t\t\t\t\t<\/div>\n\t\t\t\t<\/div>\n\t\t\t\t\t<\/div>\n\t\t<\/div>\n\t\t\t\t\t<\/div>\n\t\t<\/section>\n\t\t\t\t<\/div>\n\t\t","protected":false},"excerpt":{"rendered":"<p>JL-informatique.fr est un ensemble de sites \u00e9dit\u00e9s par l\u2019entreprise JL informatique \/ Julien L\u00c9ONARD dont le si\u00e8ge social est situ\u00e9 au 2 rue des Cigognes, 49460 CANTENAY-\u00c9PINARD. Vous pouvez le contacter \u00e0 l\u2019adresse contact@jl-informatique.fr ou par t\u00e9l\u00e9phone au 06 80 00 80 48. Le site Internet est h\u00e9berg\u00e9 par la soci\u00e9t\u00e9 IONOS 1&amp;1, 7 place &#8230; <a title=\"Politique de confidentialit\u00e9\" class=\"read-more\" href=\"https:\/\/jl-informatique.fr\/pros\/politique-de-confidentialite2\/\" aria-label=\"Read more about Politique de confidentialit\u00e9\">Lire la suite<\/a><\/p>\n","protected":false},"author":1,"featured_media":0,"parent":0,"menu_order":0,"comment_status":"closed","ping_status":"closed","template":"","meta":{"_seopress_robots_primary_cat":"","_seopress_titles_title":"","_seopress_titles_desc":"Retrouvez la politique de confidentialit\u00e9 JL informatique !","_seopress_robots_index":""},"_links":{"self":[{"href":"https:\/\/jl-informatique.fr\/pros\/wp-json\/wp\/v2\/pages\/3"}],"collection":[{"href":"https:\/\/jl-informatique.fr\/pros\/wp-json\/wp\/v2\/pages"}],"about":[{"href":"https:\/\/jl-informatique.fr\/pros\/wp-json\/wp\/v2\/types\/page"}],"author":[{"embeddable":true,"href":"https:\/\/jl-informatique.fr\/pros\/wp-json\/wp\/v2\/users\/1"}],"replies":[{"embeddable":true,"href":"https:\/\/jl-informatique.fr\/pros\/wp-json\/wp\/v2\/comments?post=3"}],"version-history":[{"count":6,"href":"https:\/\/jl-informatique.fr\/pros\/wp-json\/wp\/v2\/pages\/3\/revisions"}],"predecessor-version":[{"id":1346,"href":"https:\/\/jl-informatique.fr\/pros\/wp-json\/wp\/v2\/pages\/3\/revisions\/1346"}],"wp:attachment":[{"href":"https:\/\/jl-informatique.fr\/pros\/wp-json\/wp\/v2\/media?parent=3"}],"curies":[{"name":"wp","href":"https:\/\/api.w.org\/{rel}","templated":true}]}}